{"id":135,"date":"2021-01-17T22:48:25","date_gmt":"2021-01-17T22:48:25","guid":{"rendered":"https:\/\/homieshighschool.org\/?page_id=135"},"modified":"2021-11-17T17:38:00","modified_gmt":"2021-11-17T17:38:00","slug":"our-values","status":"publish","type":"page","link":"https:\/\/homieshighschool.org\/es\/our-values\/","title":{"rendered":"Nuestros valores"},"content":{"rendered":"<div class=\"fusion-fullwidth fullwidth-box fusion-builder-row-1 fusion-flex-container nonhundred-percent-fullwidth non-hundred-percent-height-scrolling\" style=\"--awb-border-radius-top-left:0px;--awb-border-radius-top-right:0px;--awb-border-radius-bottom-right:0px;--awb-border-radius-bottom-left:0px;--awb-background-color:#ffffff;--awb-flex-wrap:wrap;\" ><div class=\"fusion-builder-row fusion-row fusion-flex-align-items-flex-start fusion-flex-content-wrap\" style=\"max-width:104%;margin-left: calc(-4% \/ 2 );margin-right: calc(-4% \/ 2 );\"><div class=\"fusion-layout-column fusion_builder_column fusion-builder-column-0 fusion_builder_column_1_1 1_1 fusion-flex-column\" style=\"--awb-bg-size:cover;--awb-width-large:100%;--awb-margin-top-large:0px;--awb-spacing-right-large:1.92%;--awb-margin-bottom-large:20px;--awb-spacing-left-large:1.92%;--awb-width-medium:100%;--awb-order-medium:0;--awb-spacing-right-medium:1.92%;--awb-spacing-left-medium:1.92%;--awb-width-small:100%;--awb-order-small:0;--awb-spacing-right-small:1.92%;--awb-spacing-left-small:1.92%;\"><div class=\"fusion-column-wrapper fusion-column-has-shadow fusion-flex-justify-content-flex-start fusion-content-layout-column\"><div class=\"fusion-text fusion-text-1\"><h6 style=\"text-align: center;\">Nuestros valores son la base de por qu\u00e9, c\u00f3mo y qu\u00e9 hacemos en HECHOS. Sirven como las ra\u00edces que brindan nuestra fuerza colectiva al tiempo que gu\u00edan c\u00f3mo nos relacionamos entre nosotros y nuestro viaje hacia la emancipaci\u00f3n. Los valores de HECHOS son amor revolucionario, identidad, autodeterminaci\u00f3n y trabajo.<\/h6>\n<\/div><div class=\"fusion-content-boxes content-boxes columns row fusion-columns-4 fusion-columns-total-4 fusion-content-boxes-1 content-boxes-icon-on-top content-left\" style=\"--awb-backgroundcolor:#ffffff;--awb-hover-accent-color:rgba(0,0,0,0.5);--awb-circle-hover-accent-color:rgba(0,0,0,0.5);\" data-animationoffset=\"top-into-view\"><div style=\"--awb-backgroundcolor:#ffffff;\" class=\"fusion-column content-box-column content-box-column content-box-column-1 col-lg-3 col-md-3 col-sm-3 fusion-content-box-hover content-box-column-first-in-row\"><div class=\"col content-box-wrapper content-wrapper-background link-area-link-icon icon-hover-animation-pulsate\" data-animationoffset=\"top-into-view\"><div class=\"heading heading-with-icon icon-left\"><div class=\"icon\"><i style=\"border-color:#212934;border-width:0px;background-color:#bd0008;box-sizing:content-box;height:160px;width:160px;line-height:160px;border-radius:50%;font-size:80px;\" aria-hidden=\"true\" class=\"fontawesome-icon fa-heart fas circle-yes\"><\/i><\/div><h2 class=\"content-box-heading\" style=\"--h2_typography-font-size:24px;line-height:29px;\">AMOR REVOLUCIONARIO<\/h2><\/div><div class=\"fusion-clearfix\"><\/div><div class=\"content-container\">\n<p>El amor revolucionario da un prop\u00f3sito a la acci\u00f3n e impulsa la acci\u00f3n hacia un prop\u00f3sito. Fundamenta y motiva el trabajo por un cambio radical en las personas, las aulas, la escuela, la comunidad y la sociedad en general que est\u00e1 dise\u00f1ada para controlarnos.<\/p>\n<\/div><\/div><\/div><div style=\"--awb-backgroundcolor:#ffffff;\" class=\"fusion-column content-box-column content-box-column content-box-column-2 col-lg-3 col-md-3 col-sm-3 fusion-content-box-hover\"><div class=\"col content-box-wrapper content-wrapper-background link-area-link-icon icon-hover-animation-pulsate\" data-animationoffset=\"top-into-view\"><div class=\"heading heading-with-icon icon-left\"><div class=\"icon\"><i style=\"border-color:#212934;border-width:0px;background-color:#212121;box-sizing:content-box;height:160px;width:160px;line-height:160px;border-radius:50%;font-size:80px;\" aria-hidden=\"true\" class=\"fontawesome-icon fa-hand-paper fas circle-yes\"><\/i><\/div><h2 class=\"content-box-heading\" style=\"--h2_typography-font-size:24px;line-height:29px;\">IDENTIDAD<\/h2><\/div><div class=\"fusion-clearfix\"><\/div><div class=\"content-container\">\n<p>La identidad fundamenta el viaje de Homie hacia el autoconocimiento aut\u00e9ntico, la plena realizaci\u00f3n de uno mismo y la posibilidad de participar en la comuni\u00f3n con el mundo que los rodea de maneras que sean fieles a uno mismo.<\/p>\n<\/div><\/div><\/div><div style=\"--awb-backgroundcolor:#ffffff;\" class=\"fusion-column content-box-column content-box-column content-box-column-3 col-lg-3 col-md-3 col-sm-3 fusion-content-box-hover\"><div class=\"col content-box-wrapper content-wrapper-background link-area-link-icon icon-hover-animation-pulsate\" data-animationoffset=\"top-into-view\"><div class=\"heading heading-with-icon icon-left\"><div class=\"icon\"><i style=\"border-color:#212934;border-width:0px;background-color:#927150;box-sizing:content-box;height:160px;width:160px;line-height:160px;border-radius:50%;font-size:80px;\" aria-hidden=\"true\" class=\"fontawesome-icon fa-fist-raised fas circle-yes\"><\/i><\/div><h2 class=\"content-box-heading\" style=\"--h2_typography-font-size:24px;line-height:29px;\">AUTODETERMINACI\u00d3N<\/h2><\/div><div class=\"fusion-clearfix\"><\/div><div class=\"content-container\">\n<p>La autodeterminaci\u00f3n impulsa a nuestra comunidad Homie y al poder colectivo hacia el desarrollo de su independencia cultural, pol\u00edtica y econ\u00f3mica y su identidad \u00fanica que est\u00e1 libre de influencias externas que buscan dominarnos y controlarnos.<\/p>\n<\/div><\/div><\/div><div style=\"--awb-backgroundcolor:#ffffff;--awb-iconcolor:#ffffff;\" class=\"fusion-column content-box-column content-box-column content-box-column-4 col-lg-3 col-md-3 col-sm-3 fusion-content-box-hover content-box-column-last content-box-column-last-in-row\"><div class=\"col content-box-wrapper content-wrapper-background link-area-link-icon icon-hover-animation-pulsate\" data-animationoffset=\"top-into-view\"><div class=\"heading heading-with-icon icon-left\"><div class=\"icon\"><i style=\"border-color:#212934;border-width:0px;background-color:#e0b200;box-sizing:content-box;height:160px;width:160px;line-height:160px;border-radius:50%;font-size:80px;\" aria-hidden=\"true\" class=\"fontawesome-icon fa-praying-hands fas circle-yes\"><\/i><\/div><h2 class=\"content-box-heading\" style=\"--h2_typography-font-size:24px;line-height:29px;\">PONER EN OBRA<\/h2><\/div><div class=\"fusion-clearfix\"><\/div><div class=\"content-container\">\n<p>Putting in Work es una \u00e9tica de Homie basada en un an\u00e1lisis sociocultural-pol\u00edtico claro y cr\u00edtico que tiene como objetivo mejorar y construir sin descanso nuestro yo interior, nuestras habilidades, nuestra comunidad, nuestras organizaciones, nuestra comprensi\u00f3n de la sociedad, al tiempo que aprovechamos 21- escaleras de pies que construimos para superar muros de 20 pies.<\/p>\n<\/div><\/div><\/div><div class=\"fusion-clearfix\"><\/div><\/div><\/div><\/div><\/div><\/div>","protected":false},"excerpt":{"rendered":"","protected":false},"author":1,"featured_media":0,"parent":0,"menu_order":0,"comment_status":"closed","ping_status":"closed","template":"","meta":{"nf_dc_page":"","inline_featured_image":false,"footnotes":""},"class_list":["post-135","page","type-page","status-publish","hentry"],"_links":{"self":[{"href":"https:\/\/homieshighschool.org\/es\/wp-json\/wp\/v2\/pages\/135","targetHints":{"allow":["GET"]}}],"collection":[{"href":"https:\/\/homieshighschool.org\/es\/wp-json\/wp\/v2\/pages"}],"about":[{"href":"https:\/\/homieshighschool.org\/es\/wp-json\/wp\/v2\/types\/page"}],"author":[{"embeddable":true,"href":"https:\/\/homieshighschool.org\/es\/wp-json\/wp\/v2\/users\/1"}],"replies":[{"embeddable":true,"href":"https:\/\/homieshighschool.org\/es\/wp-json\/wp\/v2\/comments?post=135"}],"version-history":[{"count":6,"href":"https:\/\/homieshighschool.org\/es\/wp-json\/wp\/v2\/pages\/135\/revisions"}],"predecessor-version":[{"id":940,"href":"https:\/\/homieshighschool.org\/es\/wp-json\/wp\/v2\/pages\/135\/revisions\/940"}],"wp:attachment":[{"href":"https:\/\/homieshighschool.org\/es\/wp-json\/wp\/v2\/media?parent=135"}],"curies":[{"name":"wp","href":"https:\/\/api.w.org\/{rel}","templated":true}]}}